
{"id":10244,"date":"2019-10-18T11:46:10","date_gmt":"2019-10-18T16:46:10","guid":{"rendered":"http:\/\/digitale1.sg-host.com\/?page_id=10244"},"modified":"2019-10-22T10:24:11","modified_gmt":"2019-10-22T15:24:11","slug":"encuesta-de-satisfaccion-v5","status":"publish","type":"page","link":"https:\/\/bio-natural.mx\/en\/encuesta-de-satisfaccion-v5\/","title":{"rendered":"Encuesta de satisfacci\u00f3n V5"},"content":{"rendered":"<div class=\"vc_row wpb_row vc_row-fluid\"><div class=\"wpb_column vc_column_container vc_col-sm-12\"><div class=\"vc_column-inner\"><div class=\"wpb_wrapper\"><div class=\"vc_row wpb_row vc_inner vc_row-fluid\"><div class=\"wpb_column vc_column_container vc_col-sm-2\"><div class=\"vc_column-inner\"><div class=\"wpb_wrapper\"><\/div><\/div><\/div><div class=\"wpb_column vc_column_container vc_col-sm-8\"><div class=\"vc_column-inner\"><div class=\"wpb_wrapper\"><figure class=\"sc_image  sc_image_shape_square\"><img src=\"https:\/\/bio-natural.mx\/wp-content\/uploads\/2019\/01\/BIO-Logotipo-RS-02-1.png\" alt=\"\" \/><\/figure><\/div><\/div><\/div><div class=\"wpb_column vc_column_container vc_col-sm-2\"><div class=\"vc_column-inner\"><div class=\"wpb_wrapper\"><\/div><\/div><\/div><\/div><div class=\"vc_row wpb_row vc_inner vc_row-fluid\"><div class=\"wpb_column vc_column_container vc_col-sm-12\"><div class=\"vc_column-inner\"><div class=\"wpb_wrapper\">\n\t<div class=\"wpb_raw_code wpb_content_element wpb_raw_html\" >\n\t\t<div class=\"wpb_wrapper\">\n\t\t\t<div role=\"form\" class=\"wpcf7\" id=\"wpcf7-f4220-o1\" lang=\"es-ES\" dir=\"ltr\">\n<div class=\"screen-reader-response\"><p role=\"status\" aria-live=\"polite\" aria-atomic=\"true\"><\/p> <ul><\/ul><\/div>\n<form action=\"\/en\/wp-json\/wp\/v2\/pages\/10244#wpcf7-f4220-o1\" method=\"post\" class=\"wpcf7-form init\" novalidate=\"novalidate\" data-status=\"init\" data-trp-original-action=\"\/en\/wp-json\/wp\/v2\/pages\/10244#wpcf7-f4220-o1\">\n<div style=\"display: none;\">\n<input type=\"hidden\" name=\"_wpcf7\" value=\"4220\" \/>\n<input type=\"hidden\" name=\"_wpcf7_version\" value=\"5.5.1\" \/>\n<input type=\"hidden\" name=\"_wpcf7_locale\" value=\"es_ES\" \/>\n<input type=\"hidden\" name=\"_wpcf7_unit_tag\" value=\"wpcf7-f4220-o1\" \/>\n<input type=\"hidden\" name=\"_wpcf7_container_post\" value=\"0\" \/>\n<input type=\"hidden\" name=\"_wpcf7_posted_data_hash\" value=\"\" \/>\n<input type=\"hidden\" name=\"_wpcf7cf_hidden_group_fields\" value=\"[]\" \/>\n<input type=\"hidden\" name=\"_wpcf7cf_hidden_groups\" value=\"[]\" \/>\n<input type=\"hidden\" name=\"_wpcf7cf_visible_groups\" value=\"[]\" \/>\n<input type=\"hidden\" name=\"_wpcf7cf_repeaters\" value=\"[]\" \/>\n<input type=\"hidden\" name=\"_wpcf7cf_steps\" value=\"{}\" \/>\n<input type=\"hidden\" name=\"_wpcf7cf_options\" value=\"{&quot;form_id&quot;:4220,&quot;conditions&quot;:[],&quot;settings&quot;:{&quot;animation&quot;:&quot;yes&quot;,&quot;animation_intime&quot;:200,&quot;animation_outtime&quot;:200,&quot;conditions_ui&quot;:&quot;normal&quot;,&quot;notice_dismissed&quot;:false}}\" \/>\n<\/div>\n<h3><b>Indicate the most appropriate option in your opinion:<\/b><br>Select the most accurate answer for your opinion:<\/h3>\n<p><br><\/p>\n<h4><b>Friendliness, efficiency and quality of service of the waiter:<\/b><br>Friendliness, efficiency and quality of service of the waiter:<br><br \/>\n<label><b><span class=\"wpcf7-form-control-wrap atencion\"><span class=\"wpcf7-form-control wpcf7-checkbox wpcf7-validates-as-required wpcf7-exclusive-checkbox\"><span class=\"wpcf7-list-item first\"><label><input type=\"checkbox\" name=\"atencion\" value=\"MALA \/ BAD\" \/><span class=\"wpcf7-list-item-label\">BAD \/ BAD<\/span><\/label><\/span><span class=\"wpcf7-list-item\"><label><input type=\"checkbox\" name=\"atencion\" value=\"DEFICIENTE \/ DEFICIENT\" \/><span class=\"wpcf7-list-item-label\">DEFICIENT \/ DEFICIENT<\/span><\/label><\/span><span class=\"wpcf7-list-item\"><label><input type=\"checkbox\" name=\"atencion\" value=\"ACEPTABLE \/ ACCEPTABLE\" \/><span class=\"wpcf7-list-item-label\">ACCEPTABLE \/ ACCEPTABLE<\/span><\/label><\/span><span class=\"wpcf7-list-item\"><label><input type=\"checkbox\" name=\"atencion\" value=\"MUY BUENA \/ VERY GOOD\" \/><span class=\"wpcf7-list-item-label\">VERY GOOD \/ VERY GOOD<\/span><\/label><\/span><span class=\"wpcf7-list-item last\"><label><input type=\"checkbox\" name=\"atencion\" value=\"EXCELENTE \/ EXCELLENT\" \/><span class=\"wpcf7-list-item-label\">EXCELLENT \/ EXCELLENT<\/span><\/label><\/span><\/span><\/span><\/b><\/h4>\n<p><\/label><\/p>\n<h4><b>Cleanliness and general atmosphere of the place:<\/b><br>Cleanliness and general atmosphere of the place:<br><br \/>\n<label><b><span class=\"wpcf7-form-control-wrap lugar\"><span class=\"wpcf7-form-control wpcf7-checkbox wpcf7-validates-as-required wpcf7-exclusive-checkbox\"><span class=\"wpcf7-list-item first\"><label><input type=\"checkbox\" name=\"lugar\" value=\"MALA \/ BAD\" \/><span class=\"wpcf7-list-item-label\">BAD \/ BAD<\/span><\/label><\/span><span class=\"wpcf7-list-item\"><label><input type=\"checkbox\" name=\"lugar\" value=\"DEFICIENTE \/ DEFICIENT\" \/><span class=\"wpcf7-list-item-label\">DEFICIENT \/ DEFICIENT<\/span><\/label><\/span><span class=\"wpcf7-list-item\"><label><input type=\"checkbox\" name=\"lugar\" value=\"ACEPTABLE \/ ACCEPTABLE\" \/><span class=\"wpcf7-list-item-label\">ACCEPTABLE \/ ACCEPTABLE<\/span><\/label><\/span><span class=\"wpcf7-list-item\"><label><input type=\"checkbox\" name=\"lugar\" value=\"MUY BUENA \/ VERY GOOD\" \/><span class=\"wpcf7-list-item-label\">VERY GOOD \/ VERY GOOD<\/span><\/label><\/span><span class=\"wpcf7-list-item last\"><label><input type=\"checkbox\" name=\"lugar\" value=\"EXCELENTE \/ EXCELLENT\" \/><span class=\"wpcf7-list-item-label\">EXCELLENT \/ EXCELLENT<\/span><\/label><\/span><\/span><\/span><\/b><\/h4>\n<p><\/label><\/p>\n<h4><b>Variety of options on our menu:<\/b><br>Variety of dishes and options from our menu:<br><br \/>\n<label><b><span class=\"wpcf7-form-control-wrap menu\"><span class=\"wpcf7-form-control wpcf7-checkbox wpcf7-validates-as-required wpcf7-exclusive-checkbox\"><span class=\"wpcf7-list-item first\"><label><input type=\"checkbox\" name=\"menu\" value=\"MALA \/ BAD\" \/><span class=\"wpcf7-list-item-label\">BAD \/ BAD<\/span><\/label><\/span><span class=\"wpcf7-list-item\"><label><input type=\"checkbox\" name=\"menu\" value=\"DEFICIENTE \/ DEFICIENT\" \/><span class=\"wpcf7-list-item-label\">DEFICIENT \/ DEFICIENT<\/span><\/label><\/span><span class=\"wpcf7-list-item\"><label><input type=\"checkbox\" name=\"menu\" value=\"ACEPTABLE \/ ACCEPTABLE\" \/><span class=\"wpcf7-list-item-label\">ACCEPTABLE \/ ACCEPTABLE<\/span><\/label><\/span><span class=\"wpcf7-list-item\"><label><input type=\"checkbox\" name=\"menu\" value=\"MUY BUENA \/ VERY GOOD\" \/><span class=\"wpcf7-list-item-label\">VERY GOOD \/ VERY GOOD<\/span><\/label><\/span><span class=\"wpcf7-list-item last\"><label><input type=\"checkbox\" name=\"menu\" value=\"EXCELENTE \/ EXCELLENT\" \/><span class=\"wpcf7-list-item-label\">EXCELLENT \/ EXCELLENT<\/span><\/label><\/span><\/span><\/span><\/b><\/h4>\n<p><\/label><\/p>\n<h4><b>Quality and taste of food and beverages:<\/b><br>Quality and taste of food and beverages:<br><br \/>\n<label><b><span class=\"wpcf7-form-control-wrap alimentos\"><span class=\"wpcf7-form-control wpcf7-checkbox wpcf7-validates-as-required wpcf7-exclusive-checkbox\"><span class=\"wpcf7-list-item first\"><label><input type=\"checkbox\" name=\"alimentos\" value=\"MALA \/ BAD\" \/><span class=\"wpcf7-list-item-label\">BAD \/ BAD<\/span><\/label><\/span><span class=\"wpcf7-list-item\"><label><input type=\"checkbox\" name=\"alimentos\" value=\"DEFICIENTE \/ DEFICIENT\" \/><span class=\"wpcf7-list-item-label\">DEFICIENT \/ DEFICIENT<\/span><\/label><\/span><span class=\"wpcf7-list-item\"><label><input type=\"checkbox\" name=\"alimentos\" value=\"ACEPTABLE \/ ACCEPTABLE\" \/><span class=\"wpcf7-list-item-label\">ACCEPTABLE \/ ACCEPTABLE<\/span><\/label><\/span><span class=\"wpcf7-list-item\"><label><input type=\"checkbox\" name=\"alimentos\" value=\"MUY BUENA \/ VERY GOOD\" \/><span class=\"wpcf7-list-item-label\">VERY GOOD \/ VERY GOOD<\/span><\/label><\/span><span class=\"wpcf7-list-item last\"><label><input type=\"checkbox\" name=\"alimentos\" value=\"EXCELENTE \/ EXCELLENT\" \/><span class=\"wpcf7-list-item-label\">EXCELLENT \/ EXCELLENT<\/span><\/label><\/span><\/span><\/span><\/b><\/h4>\n<p><\/label><\/p>\n<h4><b>Overall experience and satisfaction:<\/b><br>Experience and satisfaction overall:<br><br \/>\n<label><b><span class=\"wpcf7-form-control-wrap general\"><span class=\"wpcf7-form-control wpcf7-checkbox wpcf7-validates-as-required wpcf7-exclusive-checkbox\"><span class=\"wpcf7-list-item first\"><label><input type=\"checkbox\" name=\"general\" value=\"MALA \/ BAD\" \/><span class=\"wpcf7-list-item-label\">BAD \/ BAD<\/span><\/label><\/span><span class=\"wpcf7-list-item\"><label><input type=\"checkbox\" name=\"general\" value=\"DEFICIENTE \/ DEFICIENT\" \/><span class=\"wpcf7-list-item-label\">DEFICIENT \/ DEFICIENT<\/span><\/label><\/span><span class=\"wpcf7-list-item\"><label><input type=\"checkbox\" name=\"general\" value=\"ACEPTABLE \/ ACCEPTABLE\" \/><span class=\"wpcf7-list-item-label\">ACCEPTABLE \/ ACCEPTABLE<\/span><\/label><\/span><span class=\"wpcf7-list-item\"><label><input type=\"checkbox\" name=\"general\" value=\"MUY BUENA \/ VERY GOOD\" \/><span class=\"wpcf7-list-item-label\">VERY GOOD \/ VERY GOOD<\/span><\/label><\/span><span class=\"wpcf7-list-item last\"><label><input type=\"checkbox\" name=\"general\" value=\"EXCELENTE \/ EXCELLENT\" \/><span class=\"wpcf7-list-item-label\">EXCELLENT \/ EXCELLENT<\/span><\/label><\/span><\/span><\/span><\/b><\/h4>\n<p><\/label><\/p>\n<p><label><br \/>\n<h4><b>Share your opinion of BIO-Natural. What would you like us to change or improve?<\/b><br>Share your opinion about BIO-Natural. What would you advise us to change or improve?<br><br \/>\n    <span class=\"wpcf7-form-control-wrap comentarios\"><textarea name=\"comentarios\" cols=\"40\" rows=\"10\" class=\"wpcf7-form-control wpcf7-textarea wpcf7-validates-as-required\" aria-required=\"true\" aria-invalid=\"false\"><\/textarea><\/span><\/h4>\n<p><\/label><\/p>\n<p><label><br \/>\n<h4><b>How did you hear about us?<\/b><br>How did you hear about us?<br><br \/>\n    <span class=\"wpcf7-form-control-wrap medio\"><select name=\"medio\" class=\"wpcf7-form-control wpcf7-select wpcf7-validates-as-required\" aria-required=\"true\" aria-invalid=\"false\"><option value=\"\">---<\/option><option value=\"Facebook\">Facebook<\/option><option value=\"Instagram\">Instagram<\/option><option value=\"Iba de paso \/ Walk in\">Step walk \/ Walk in<\/option><option value=\"Recomendaci\u00f3n \/ Recommendation\">Recommendation \/ Recommendation<\/option><option value=\"Otro (especificar) \/ Other (specify)\">Other (specify) \/ Other (specify)<\/option><\/select><\/span> <\/h4>\n<p><\/label><\/p>\n<p><label><br \/>\n<h4><b>Other way:<\/b><br>Other way:<br><br \/>\n    <span class=\"wpcf7-form-control-wrap otromedio\"><input type=\"text\" name=\"otromedio\" value=\"\" size=\"40\" class=\"wpcf7-form-control wpcf7-text\" aria-invalid=\"false\" \/><\/span> <\/h4>\n<p><\/label><\/p>\n<p><label><br \/>\n<h4><b>Waiter&#039;s name<\/b><br>Name of waiter<br><br \/>\n    <span class=\"wpcf7-form-control-wrap mesero\"><input type=\"text\" name=\"mesero\" value=\"\" size=\"40\" class=\"wpcf7-form-control wpcf7-text wpcf7-validates-as-required\" aria-required=\"true\" aria-invalid=\"false\" \/><\/span> <\/h4>\n<p><\/label><\/p>\n<p><label><br \/>\n<h4><b>Your name<\/b><br>Your name<br><br \/>\n    <span class=\"wpcf7-form-control-wrap nombre\"><input type=\"text\" name=\"nombre\" value=\"\" size=\"40\" class=\"wpcf7-form-control wpcf7-text\" aria-invalid=\"false\" \/><\/span> <\/h4>\n<p><\/label><\/p>\n<p><label><br \/>\n<h4><b>Email<\/b><br>E-mail<br><br \/>\n    <span class=\"wpcf7-form-control-wrap email\"><input type=\"email\" name=\"email\" value=\"\" size=\"40\" class=\"wpcf7-form-control wpcf7-text wpcf7-email wpcf7-validates-as-email\" aria-invalid=\"false\" \/><\/span> <\/h4>\n<p><\/label><\/p>\n<div class=\"cumpleanos-row\">\n<h4>\n<p><b>birthday<\/b> \/ Bithday: &nbsp;&nbsp;<\/p>\n<p>&nbsp;&nbsp;<span class=\"wpcf7-form-control-wrap cumple-dia\"><select name=\"cumple-dia\" class=\"wpcf7-form-control wpcf7-select\" aria-invalid=\"false\"><option value=\"\">---<\/option><option value=\"01\">01<\/option><option value=\"02\">02<\/option><option value=\"03\">03<\/option><option value=\"04\">04<\/option><option value=\"05\">05<\/option><option value=\"06\">06<\/option><option value=\"07\">07<\/option><option value=\"08\">08<\/option><option value=\"09\">09<\/option><option value=\"10\">10<\/option><option value=\"11\">11<\/option><option value=\"12\">12<\/option><option value=\"13\">13<\/option><option value=\"14\">14<\/option><option value=\"15\">15<\/option><option value=\"16\">16<\/option><option value=\"17\">17<\/option><option value=\"18\">18<\/option><option value=\"19\">19<\/option><option value=\"20\">20<\/option><option value=\"21\">21<\/option><option value=\"22\">22<\/option><option value=\"23\">23<\/option><option value=\"24\">24<\/option><option value=\"25\">25<\/option><option value=\"26\">26<\/option><option value=\"27\">27<\/option><option value=\"28\">28<\/option><option value=\"29\">29<\/option><option value=\"30\">30<\/option><option value=\"31\">31<\/option><\/select><\/span><\/p>\n<p>&nbsp;&nbsp;<span class=\"wpcf7-form-control-wrap cumple-mes\"><select name=\"cumple-mes\" class=\"wpcf7-form-control wpcf7-select\" aria-invalid=\"false\"><option value=\"\">---<\/option><option value=\"ENE\">JAN<\/option><option value=\"FEB\">FEB<\/option><option value=\"MAR\">SEA<\/option><option value=\"ABR\">APR<\/option><option value=\"MAYO\">MAY<\/option><option value=\"JUNIO\">JUNE<\/option><option value=\"JUL\">JUL<\/option><option value=\"AGO\">AUG<\/option><option value=\"SEP\">SEP<\/option><option value=\"OCT\">OCT<\/option><option value=\"NOV\">NOV<\/option><option value=\"DIC\">DEC<\/option><\/select><\/span><\/p>\n<\/h4>\n<\/div>\n<h4><input type=\"submit\" value=\"SEND \/ SEND\" class=\"wpcf7-form-control has-spinner wpcf7-submit\" \/><\/h4>\n<input type='hidden' class='wpcf7-pum' value='{\"closepopup\":false,\"closedelay\":0,\"openpopup\":false,\"openpopup_id\":0}' \/><div class=\"wpcf7-response-output\" aria-hidden=\"true\"><\/div><input type=\"hidden\" name=\"trp-form-language\" value=\"en\"\/><\/form><\/div>\n\t\t<\/div>\n\t<\/div>\n<\/div><\/div><\/div><\/div><\/div><\/div><\/div><\/div>","protected":false},"excerpt":{"rendered":"Indica la opci\u00f3n m\u00e1s adecuada a tu opini\u00f3n:Select the most accurate answer for your opinion: Amabilidad, eficiencia y calidad de atenci\u00f3n del mesero:Friendliness, efficiency and quality of service of the waiter: MALA \/ BADDEFICIENTE \/ DEFICIENTACEPTABLE \/ ACCEPTABLEMUY BUENA \/ VERY GOODEXCELENTE \/ EXCELLENT Limpieza y ambiente general del lugar:Cleanliness and general atmosphere of the [...]","protected":false},"author":39,"featured_media":0,"parent":0,"menu_order":0,"comment_status":"closed","ping_status":"closed","template":"page.php","meta":[],"_links":{"self":[{"href":"https:\/\/bio-natural.mx\/en\/wp-json\/wp\/v2\/pages\/10244"}],"collection":[{"href":"https:\/\/bio-natural.mx\/en\/wp-json\/wp\/v2\/pages"}],"about":[{"href":"https:\/\/bio-natural.mx\/en\/wp-json\/wp\/v2\/types\/page"}],"author":[{"embeddable":true,"href":"https:\/\/bio-natural.mx\/en\/wp-json\/wp\/v2\/users\/39"}],"replies":[{"embeddable":true,"href":"https:\/\/bio-natural.mx\/en\/wp-json\/wp\/v2\/comments?post=10244"}],"version-history":[{"count":0,"href":"https:\/\/bio-natural.mx\/en\/wp-json\/wp\/v2\/pages\/10244\/revisions"}],"wp:attachment":[{"href":"https:\/\/bio-natural.mx\/en\/wp-json\/wp\/v2\/media?parent=10244"}],"curies":[{"name":"wp","href":"https:\/\/api.w.org\/{rel}","templated":true}]}}