
{"id":1056,"date":"2019-06-14T19:32:47","date_gmt":"2019-06-15T00:32:47","guid":{"rendered":"http:\/\/new-life.axiomthemes.com\/?page_id=1056"},"modified":"2019-06-14T19:31:43","modified_gmt":"2019-06-15T00:31:43","slug":"quienes-somos","status":"publish","type":"page","link":"https:\/\/bio-natural.mx\/en\/quienes-somos\/","title":{"rendered":"About us"},"content":{"rendered":"<div data-vc-full-width=\"true\" data-vc-full-width-init=\"false\" class=\"vc_row wpb_row vc_row-fluid\"><div class=\"wpb_column vc_column_container vc_col-sm-12\"><div class=\"vc_column-inner\"><div class=\"wpb_wrapper\"><div class=\"vc_empty_space\"   style=\"height: 1.5em\" ><span class=\"vc_empty_space_inner\"><\/span><\/div>\n<h2 class=\"sc_title sc_title_regular sc_align_center\" style=\"margin-bottom:1.4em;text-align:center;\">PLAYA DEL CARMEN'S FIRST  VEGAN RESTAURANT\/ ORANIC STORE<\/h2><\/div><\/div><\/div><\/div><div class=\"vc_row-full-width vc_clearfix\"><\/div><div class=\"vc_row wpb_row vc_row-fluid\"><div class=\"wpb_column vc_column_container vc_col-sm-12 vc_col-lg-6 vc_col-md-6 vc_col-xs-12\"><div class=\"vc_column-inner\"><div class=\"wpb_wrapper\"><div class=\"sc_section aligncenter\"><div class=\"sc_section_inner\"><figure class=\"sc_image  sc_image_shape_square\"><img src=\"https:\/\/bio-natural.mx\/wp-content\/uploads\/2019\/02\/Screenshot_20190206-210622.jpg\" alt=\"\" \/><\/figure><\/div><\/div><div class=\"vc_empty_space\"   style=\"height: 2em\" ><span class=\"vc_empty_space_inner\"><\/span><\/div>\n<\/div><\/div><\/div><div class=\"wpb_column vc_column_container vc_col-sm-12 vc_col-lg-6 vc_col-md-6 vc_col-xs-12\"><div class=\"vc_column-inner\"><div class=\"wpb_wrapper\"><div class=\"sc_section\"><div class=\"sc_section_inner\"><span class=\"sc_icon icon-cereal8 alignleft\" style=\"display:block;margin-right:0.4em;font-size:5em; line-height: 1em;color:#80b500;\"><\/span><p style=\"color: #4c4841;line-height: 1.75em;text-align: left\" class=\"vc_custom_heading\" >The Bio&amp;Natural way\u00ae is a restaurant\/shop that offers gluten-free vegan and vegetarian products, focused on promoting the consumption of organic healthy food, encouraging a positive change on eating habits to improve the quality of life.<\/p><div class=\"vc_empty_space\"   style=\"height: 0.4em\" ><span class=\"vc_empty_space_inner\"><\/span><\/div>\n<span class=\"sc_icon icon-fruit173 alignleft\" style=\"display:block;margin-right:0.4em;font-size:5em; line-height: 1em;color:#80b500;\"><\/span><p style=\"color: #4c4841;line-height: 1.75em;text-align: left\" class=\"vc_custom_heading\" >The Bio&amp;Natural way\u00ae does its best to satisfy the most delicate palates that visit our locations in order to amaze and surprise vegetarian and non-vegetarian customers with the flavor of meatless dishes made with 100% organic products.<\/p><div class=\"vc_empty_space\"   style=\"height: 0.4em\" ><span class=\"vc_empty_space_inner\"><\/span><\/div>\n<span class=\"sc_icon icon-trees44 alignleft\" style=\"display:block;margin-right:0.4em;font-size:5em; line-height: 1em;color:#80b500;\"><\/span><p style=\"color: #4c4841;line-height: 1.75em;text-align: left\" class=\"vc_custom_heading\" >The ingredients used in our recipes can be purchased at our store and cooked on your own house, this is the competitive advantage that differentiate us from the classic vegetarian restaurant franchises found in Mexico<\/p><div class=\"vc_empty_space\"   style=\"height: 1em\" ><span class=\"vc_empty_space_inner\"><\/span><\/div>\n<\/div><\/div><\/div><\/div><\/div><\/div><div class=\"vc_row wpb_row vc_row-fluid\"><div class=\"wpb_column vc_column_container vc_col-sm-12\"><div class=\"vc_column-inner\"><div class=\"wpb_wrapper\"><div class=\"vc_empty_space\"   style=\"height: 4em\" ><span class=\"vc_empty_space_inner\"><\/span><\/div>\n<\/div><\/div><\/div><\/div><div class=\"vc_row wpb_row vc_row-fluid vc_custom_1450458642786 vc_row-has-fill\"><div class=\"wpb_column vc_column_container vc_col-sm-12 vc_col-lg-5 vc_col-md-6 vc_col-xs-12\"><div class=\"vc_column-inner\"><div class=\"wpb_wrapper\"><div class=\"vc_empty_space\"   style=\"height: 4.5em\" ><span class=\"vc_empty_space_inner\"><\/span><\/div>\n<div class=\"sc_section\" style=\"margin-left:4em !important;\"><div class=\"sc_section_inner\">\n\t<div class=\"wpb_text_column wpb_content_element\" >\n\t\t<div class=\"wpb_wrapper\">\n\t\t\t<p><a href=\"#\">Our philosophy.<\/a><\/p>\n\n\t\t<\/div>\n\t<\/div>\n<h2 class=\"sc_title sc_title_regular\" style=\"text-transform: capitalize; letter-spacing: 0;margin-top:0.1em;margin-bottom:0.4em;font-weight:700;\">The Bio &amp; Natural way\u00ae<\/h2>\n\t<div class=\"wpb_text_column wpb_content_element\" >\n\t\t<div class=\"wpb_wrapper\">\n\t\t\t<p>\"The Bio&amp;Natural Way\u00ae\nThe purpose of this lifestyle is to create a balance of the mind, body and soul through:\n\"<\/p>\n\n\t\t<\/div>\n\t<\/div>\n<div class=\"vc_empty_space\"   style=\"height: 2.5em\" ><span class=\"vc_empty_space_inner\"><\/span><\/div>\n<ul class=\"sc_list sc_list_style_iconed\"><li class=\"sc_list_item odd first\"><span class=\"sc_list_icon icon-check74\" style=\"color:#80b500;\"><\/span>Healthy food<\/li><li class=\"sc_list_item even\"><span class=\"sc_list_icon icon-check74\" style=\"color:#80b500;\"><\/span>Sustainable and natural products<\/li><li class=\"sc_list_item odd\"><span class=\"sc_list_icon icon-check74\" style=\"color:#80b500;\"><\/span>Support local producers<\/li><\/ul><div class=\"vc_empty_space\"   style=\"height: 0.4em\" ><span class=\"vc_empty_space_inner\"><\/span><\/div>\n<a href=\"\/en\/menu\/\" class=\"sc_button sc_button_square sc_button_style_filled sc_button_size_medium\" style=\"margin-right:1.2em;\">VIEW MENU<\/a><a href=\"\/en\/productos\/\" class=\"sc_button sc_button_square sc_button_style_border sc_button_size_medium\">VIEW PRODUCTS<\/a><\/div><\/div><div class=\"vc_empty_space\"   style=\"height: 4.5em\" ><span class=\"vc_empty_space_inner\"><\/span><\/div>\n<\/div><\/div><\/div><div class=\"wpb_column vc_column_container vc_col-sm-12 vc_col-lg-7 vc_col-md-6 vc_col-xs-12\"><div class=\"vc_column-inner\"><div class=\"wpb_wrapper\"><div class=\"vc_empty_space\"   style=\"height: 1em\" ><span class=\"vc_empty_space_inner\"><\/span><\/div>\n<figure class=\"sc_image  sc_image_shape_square\"><img src=\"https:\/\/bio-natural.mx\/wp-content\/uploads\/2019\/02\/Screenshot_20190206-210706.jpg\" alt=\"\" \/><\/figure><\/div><\/div><\/div><\/div>","protected":false},"excerpt":{"rendered":"La primera tienda org\u00e1nica y restaurante vegano en Playa del Carmen The Bio&amp;Natural way\u00ae es una tienda y restaurante que ofrece productos vegetarianos, veganos y libres de gluten enfocada en la promoci\u00f3n del consumo de alimentos org\u00e1nicos y saludables fomentando un cambio en los h\u00e1bitos alimenticios para mejorar la calidad de vida. The Bio&amp;Natural way\u00ae [...]","protected":false},"author":39,"featured_media":0,"parent":0,"menu_order":0,"comment_status":"closed","ping_status":"closed","template":"","meta":[],"_links":{"self":[{"href":"https:\/\/bio-natural.mx\/en\/wp-json\/wp\/v2\/pages\/1056"}],"collection":[{"href":"https:\/\/bio-natural.mx\/en\/wp-json\/wp\/v2\/pages"}],"about":[{"href":"https:\/\/bio-natural.mx\/en\/wp-json\/wp\/v2\/types\/page"}],"author":[{"embeddable":true,"href":"https:\/\/bio-natural.mx\/en\/wp-json\/wp\/v2\/users\/39"}],"replies":[{"embeddable":true,"href":"https:\/\/bio-natural.mx\/en\/wp-json\/wp\/v2\/comments?post=1056"}],"version-history":[{"count":0,"href":"https:\/\/bio-natural.mx\/en\/wp-json\/wp\/v2\/pages\/1056\/revisions"}],"wp:attachment":[{"href":"https:\/\/bio-natural.mx\/en\/wp-json\/wp\/v2\/media?parent=1056"}],"curies":[{"name":"wp","href":"https:\/\/api.w.org\/{rel}","templated":true}]}}