
{"id":11109,"date":"2020-01-13T14:23:42","date_gmt":"2020-01-13T19:23:42","guid":{"rendered":"http:\/\/digitale1.sg-host.com\/?page_id=11109"},"modified":"2026-03-05T19:11:41","modified_gmt":"2026-03-06T00:11:41","slug":"nuevos-proveedores","status":"publish","type":"page","link":"https:\/\/bio-natural.mx\/en\/nuevos-proveedores\/","title":{"rendered":"New suppliers"},"content":{"rendered":"<div data-vc-full-width=\"true\" data-vc-full-width-init=\"false\" class=\"vc_row wpb_row vc_row-fluid\"><div class=\"wpb_column vc_column_container vc_col-sm-6\"><div class=\"vc_column-inner\"><div class=\"wpb_wrapper\"><div class=\"vc_empty_space\"   style=\"height: 1.5em\" ><span class=\"vc_empty_space_inner\"><\/span><\/div>\n<h2 class=\"sc_title sc_title_regular\" style=\"text-transform: none; letter-spacing: 0;font-weight:700;\">Do you want to be a provider of...<\/h2><\/div><\/div><\/div><div class=\"wpb_column vc_column_container vc_col-sm-6\"><div class=\"vc_column-inner\"><div class=\"wpb_wrapper\"><div class=\"vc_empty_space\"   style=\"height: 1.5em\" ><span class=\"vc_empty_space_inner\"><\/span><\/div>\n<figure class=\"sc_image  sc_image_shape_square\" data-animation=\"animated flipInX normal\"><img src=\"https:\/\/bio-natural.mx\/wp-content\/uploads\/2019\/01\/BIO-Logotipo-RS-02-1.png\" alt=\"\" \/><\/figure><\/div><\/div><\/div><\/div><div class=\"vc_row-full-width vc_clearfix\"><\/div><div class=\"vc_row wpb_row vc_row-fluid\"><div class=\"wpb_column vc_column_container vc_col-sm-12 vc_col-lg-6 vc_col-md-6 vc_col-xs-12\"><div class=\"vc_column-inner\"><div class=\"wpb_wrapper\"><figure class=\"sc_image  sc_image_shape_round\" data-animation=\"animated bounceInUp normal\"><img src=\"https:\/\/bio-natural.mx\/wp-content\/uploads\/2020\/01\/BIO-Sitio-web_portada-2-jpg-1965\u00d7611-.png\" alt=\"\" \/><\/figure><div class=\"vc_empty_space\"   style=\"height: 2em\" ><span class=\"vc_empty_space_inner\"><\/span><\/div>\n<\/div><\/div><\/div><div class=\"wpb_column vc_column_container vc_col-sm-12 vc_col-lg-6 vc_col-md-6 vc_col-xs-12\"><div class=\"vc_column-inner\"><div class=\"wpb_wrapper\"><div class=\"sc_section\"><div class=\"sc_section_inner\"><h6 style=\"color: #4c4841;line-height: 1.75em;text-align: left\" class=\"vc_custom_heading\" >If you are a producer of an organic, agro-ecological, gluten free or healthy product and want to have a presence in the most recognized points of sale by vegetarians, vegans and healthy people of Playa del Carmen, you are in the right place!<\/h6><div class=\"vc_empty_space\"   style=\"height: 0.4em\" ><span class=\"vc_empty_space_inner\"><\/span><\/div>\n<div class=\"vc_empty_space\"   style=\"height: 0.4em\" ><span class=\"vc_empty_space_inner\"><\/span><\/div>\n<span class=\"sc_icon icon-mail-light alignleft\" style=\"display:block;margin-right:0.4em;font-size:5em; line-height: 1em;color:#80b500;\"><\/span><h6 style=\"color: #4c4841;line-height: 1.75em;text-align: left\" class=\"vc_custom_heading\" >To request to be one of our suppliers, it's simple, just answer the following form:<\/h6>\n\t<div class=\"wpb_raw_code wpb_content_element wpb_raw_html\" >\n\t\t<div class=\"wpb_wrapper\">\n\t\t\t<div role=\"form\" class=\"wpcf7\" id=\"wpcf7-f99950-o1\" lang=\"es-ES\" dir=\"ltr\">\n<div class=\"screen-reader-response\"><p role=\"status\" aria-live=\"polite\" aria-atomic=\"true\"><\/p> <ul><\/ul><\/div>\n<form action=\"\/en\/wp-json\/wp\/v2\/pages\/11109#wpcf7-f99950-o1\" method=\"post\" class=\"wpcf7-form init\" enctype=\"multipart\/form-data\" novalidate=\"novalidate\" data-status=\"init\" data-trp-original-action=\"\/en\/wp-json\/wp\/v2\/pages\/11109#wpcf7-f99950-o1\">\n<div style=\"display: none;\">\n<input type=\"hidden\" name=\"_wpcf7\" value=\"99950\" \/>\n<input type=\"hidden\" name=\"_wpcf7_version\" value=\"5.5.1\" \/>\n<input type=\"hidden\" name=\"_wpcf7_locale\" value=\"es_ES\" \/>\n<input type=\"hidden\" name=\"_wpcf7_unit_tag\" value=\"wpcf7-f99950-o1\" \/>\n<input type=\"hidden\" name=\"_wpcf7_container_post\" value=\"0\" \/>\n<input type=\"hidden\" name=\"_wpcf7_posted_data_hash\" value=\"\" \/>\n<input type=\"hidden\" name=\"_wpcf7cf_hidden_group_fields\" value=\"[]\" \/>\n<input type=\"hidden\" name=\"_wpcf7cf_hidden_groups\" value=\"[]\" \/>\n<input type=\"hidden\" name=\"_wpcf7cf_visible_groups\" value=\"[]\" \/>\n<input type=\"hidden\" name=\"_wpcf7cf_repeaters\" value=\"[]\" \/>\n<input type=\"hidden\" name=\"_wpcf7cf_steps\" value=\"{}\" \/>\n<input type=\"hidden\" name=\"_wpcf7cf_options\" value=\"{&quot;form_id&quot;:99950,&quot;conditions&quot;:[],&quot;settings&quot;:{&quot;animation&quot;:&quot;yes&quot;,&quot;animation_intime&quot;:200,&quot;animation_outtime&quot;:200,&quot;conditions_ui&quot;:&quot;normal&quot;,&quot;notice_dismissed&quot;:false}}\" \/>\n<\/div>\n<h4>Name of your company *<br \/>\n    <span class=\"wpcf7-form-control-wrap empresa\"><input type=\"text\" name=\"empresa\" value=\"\" size=\"40\" class=\"wpcf7-form-control wpcf7-text wpcf7-validates-as-required\" aria-required=\"true\" aria-invalid=\"false\" \/><\/span> <\/h4>\n<h4>Business name*<br \/>\n    <span class=\"wpcf7-form-control-wrap razon\"><input type=\"text\" name=\"razon\" value=\"\" size=\"40\" class=\"wpcf7-form-control wpcf7-text wpcf7-validates-as-required\" aria-required=\"true\" aria-invalid=\"false\" \/><\/span> <\/h4>\n<h4>RFC *<br \/>\n    <span class=\"wpcf7-form-control-wrap rfc\"><input type=\"text\" name=\"rfc\" value=\"\" size=\"40\" class=\"wpcf7-form-control wpcf7-text wpcf7-validates-as-required\" aria-required=\"true\" aria-invalid=\"false\" \/><\/span> <\/h4>\n<p><h4> What products do you sell?*<br \/>\n<span class=\"wpcf7-form-control-wrap productos\"><span class=\"wpcf7-form-control wpcf7-checkbox wpcf7-validates-as-required\"><span class=\"wpcf7-list-item first\"><input type=\"checkbox\" name=\"productos[]\" value=\"Org\u00e1nico\" \/><span class=\"wpcf7-list-item-label\">Organic<\/span><\/span><span class=\"wpcf7-list-item\"><input type=\"checkbox\" name=\"productos[]\" value=\"Agro-ecol\u00f3gico\" \/><span class=\"wpcf7-list-item-label\">Agro-ecological<\/span><\/span><span class=\"wpcf7-list-item\"><input type=\"checkbox\" name=\"productos[]\" value=\"Gluten free\" \/><span class=\"wpcf7-list-item-label\">Gluten free<\/span><\/span><span class=\"wpcf7-list-item last\"><input type=\"checkbox\" name=\"productos[]\" value=\"Saludable\" \/><span class=\"wpcf7-list-item-label\">Healthy<\/span><\/span><\/span><\/span> <\/h4><\/p>\n<p><h4> What features do your products have? *<br \/>\n    <span class=\"wpcf7-form-control-wrap caracteristicas\"><textarea name=\"caracteristicas\" cols=\"40\" rows=\"10\" class=\"wpcf7-form-control wpcf7-textarea wpcf7-validates-as-required\" aria-required=\"true\" aria-invalid=\"false\"><\/textarea><\/span> <\/h4><\/p>\n<p><h4> What certifications do they have? *<br \/>\n    <span class=\"wpcf7-form-control-wrap certificaciones\"><input type=\"text\" name=\"certificaciones\" value=\"\" size=\"40\" class=\"wpcf7-form-control wpcf7-text wpcf7-validates-as-required\" aria-required=\"true\" aria-invalid=\"false\" \/><\/span> <\/h4><\/p>\n<p><h4> Do you sell your product in Playa del Carmen?<br \/>\n    <span class=\"wpcf7-form-control-wrap ventaplaya\"><span class=\"wpcf7-form-control wpcf7-radio\"><span class=\"wpcf7-list-item first\"><input type=\"radio\" name=\"ventaplaya\" value=\"SI\" checked=\"checked\" \/><span class=\"wpcf7-list-item-label\">YES<\/span><\/span><span class=\"wpcf7-list-item last\"><input type=\"radio\" name=\"ventaplaya\" value=\"NO\" \/><span class=\"wpcf7-list-item-label\">NO<\/span><\/span><\/span><\/span> <\/h4><\/p>\n<p><h4> Where? (optional)<br \/>\n    <span class=\"wpcf7-form-control-wrap locacion\"><input type=\"text\" name=\"locacion\" value=\"\" size=\"40\" class=\"wpcf7-form-control wpcf7-text\" aria-invalid=\"false\" \/><\/span> <\/h4><\/p>\n<p><h4> How long have you had your product on the market? *<br \/>\n    <span class=\"wpcf7-form-control-wrap tiempomercado\"><input type=\"text\" name=\"tiempomercado\" value=\"\" size=\"40\" class=\"wpcf7-form-control wpcf7-text wpcf7-validates-as-required\" aria-required=\"true\" aria-invalid=\"false\" \/><\/span> <\/h4><\/p>\n<p><h4> Why do you want to sell it in BIO-Natural? *<br \/>\n    <span class=\"wpcf7-form-control-wrap objetivo\"><input type=\"text\" name=\"objetivo\" value=\"\" size=\"40\" class=\"wpcf7-form-control wpcf7-text wpcf7-validates-as-required\" aria-required=\"true\" aria-invalid=\"false\" \/><\/span> <\/h4><\/p>\n<p><h4> Do you have financial capacity to give 1 month of credit? *<br \/>\n    <span class=\"wpcf7-form-control-wrap capacidad\"><select name=\"capacidad\" class=\"wpcf7-form-control wpcf7-select wpcf7-validates-as-required\" aria-required=\"true\" aria-invalid=\"false\"><option value=\"\">---<\/option><option value=\"SI\">YES<\/option><option value=\"NO\">NO<\/option><\/select><\/span> <\/h4><\/p>\n<p><h4> Anexa catalogo o ficha con especificaciones de tus productos2*<br \/>\n    <span class=\"wpcf7-form-control-wrap catalogo\"><input type=\"file\" name=\"catalogo\" size=\"40\" class=\"wpcf7-form-control wpcf7-file wpcf7-validates-as-required\" accept=\".pdf,.doc,.docx,.xls,.xlsx,.xlt,.zip,.jpg,.jpeg,.jpge,.ppt,.pptx,.png\" aria-required=\"true\" aria-invalid=\"false\" \/><\/span> <\/h4><\/p>\n<p><h4> Attach the price list *<br \/>\n    <span class=\"wpcf7-form-control-wrap precios\"><input type=\"file\" name=\"precios\" size=\"40\" class=\"wpcf7-form-control wpcf7-file wpcf7-validates-as-required\" accept=\".pdf,.doc,.docx,.xls,.xlsx,.xlt,.zip,.jpg,.jpeg,.jpge,.ppt,.pptx,.png\" aria-required=\"true\" aria-invalid=\"false\" \/><\/span> <\/h4><\/p>\n<p><h4> Full name of the representative *<br \/>\n    <span class=\"wpcf7-form-control-wrap nombre\"><input type=\"text\" name=\"nombre\" value=\"\" size=\"40\" class=\"wpcf7-form-control wpcf7-text wpcf7-validates-as-required\" aria-required=\"true\" aria-invalid=\"false\" \/><\/span> <\/h4><\/p>\n<p><h4> E-mail*<br \/>\n    <span class=\"wpcf7-form-control-wrap email\"><input type=\"email\" name=\"email\" value=\"\" size=\"40\" class=\"wpcf7-form-control wpcf7-text wpcf7-email wpcf7-validates-as-required wpcf7-validates-as-email\" aria-required=\"true\" aria-invalid=\"false\" \/><\/span> <\/h4><\/p>\n<p><h4> Phone*<br \/>\n    <span class=\"wpcf7-form-control-wrap telefono\"><input type=\"text\" name=\"telefono\" value=\"\" size=\"40\" class=\"wpcf7-form-control wpcf7-text wpcf7-validates-as-required\" aria-required=\"true\" aria-invalid=\"false\" \/><\/span> <\/h4><\/p>\n<p><input type=\"submit\" value=\"SEND\" class=\"wpcf7-form-control has-spinner wpcf7-submit\" \/><\/p>\n<input type='hidden' class='wpcf7-pum' value='{\"closepopup\":false,\"closedelay\":0,\"openpopup\":false,\"openpopup_id\":0}' \/><div class=\"wpcf7-response-output\" aria-hidden=\"true\"><\/div><input type=\"hidden\" name=\"trp-form-language\" value=\"en\"\/><\/form><\/div>\n\t\t<\/div>\n\t<\/div>\n<p style=\"color: #4c4841;line-height: 1.75em;text-align: left\" class=\"vc_custom_heading\" >If your product meets the standards, we will send you an email requesting a sample of the products in our branch av. 10 and constituents.<\/p><div class=\"vc_empty_space\"   style=\"height: 1em\" ><span class=\"vc_empty_space_inner\"><\/span><\/div>\n<\/div><\/div><\/div><\/div><\/div><\/div><div class=\"vc_row wpb_row vc_row-fluid\"><div class=\"wpb_column vc_column_container vc_col-sm-12\"><div class=\"vc_column-inner\"><div class=\"wpb_wrapper\"><div class=\"vc_empty_space\"   style=\"height: 4em\" ><span class=\"vc_empty_space_inner\"><\/span><\/div>\n<\/div><\/div><\/div><\/div><div class=\"vc_row wpb_row vc_row-fluid vc_custom_1450458642786 vc_row-has-fill\"><div class=\"wpb_column vc_column_container vc_col-sm-12 vc_col-lg-5 vc_col-md-6 vc_col-xs-12\"><div class=\"vc_column-inner\"><div class=\"wpb_wrapper\"><div class=\"vc_empty_space\"   style=\"height: 4.5em\" ><span class=\"vc_empty_space_inner\"><\/span><\/div>\n<div class=\"sc_section\" style=\"margin-left:4em !important;\"><div class=\"sc_section_inner\">\n\t<div class=\"wpb_text_column wpb_content_element\" >\n\t\t<div class=\"wpb_wrapper\">\n\t\t\t<p><a href=\"#\">Our philosophy.<\/a><\/p>\n\n\t\t<\/div>\n\t<\/div>\n<h2 class=\"sc_title sc_title_regular\" style=\"text-transform: capitalize; letter-spacing: 0;margin-top:0.1em;margin-bottom:0.4em;font-weight:700;\">The Bio &amp; Natural way\u00ae<\/h2>\n\t<div class=\"wpb_text_column wpb_content_element\" >\n\t\t<div class=\"wpb_wrapper\">\n\t\t\t<p>\"The Bio&amp;Natural Way\u00ae\nThe purpose of this lifestyle is to create a balance of the mind, body and soul through:\n\"<\/p>\n\n\t\t<\/div>\n\t<\/div>\n<div class=\"vc_empty_space\"   style=\"height: 2.5em\" ><span class=\"vc_empty_space_inner\"><\/span><\/div>\n<ul class=\"sc_list sc_list_style_iconed\"><li class=\"sc_list_item odd first\"><span class=\"sc_list_icon icon-check74\" style=\"color:#80b500;\"><\/span>Healthy food<\/li><li class=\"sc_list_item even\"><span class=\"sc_list_icon icon-check74\" style=\"color:#80b500;\"><\/span>Sustainable and natural products<\/li><li class=\"sc_list_item odd\"><span class=\"sc_list_icon icon-check74\" style=\"color:#80b500;\"><\/span>Support local producers<\/li><\/ul><div class=\"vc_empty_space\"   style=\"height: 0.4em\" ><span class=\"vc_empty_space_inner\"><\/span><\/div>\n<a href=\"\/en\/menu\/\" class=\"sc_button sc_button_square sc_button_style_filled sc_button_size_medium\" style=\"margin-right:1.2em;\">VIEW MENU<\/a><a href=\"https:\/\/bio-natural.mx\/en\/promociones-2\/\" class=\"sc_button sc_button_square sc_button_style_border sc_button_size_medium\">VIEW PRODUCTS<\/a><\/div><\/div><div class=\"vc_empty_space\"   style=\"height: 4.5em\" ><span class=\"vc_empty_space_inner\"><\/span><\/div>\n<\/div><\/div><\/div><div class=\"wpb_column vc_column_container vc_col-sm-12 vc_col-lg-7 vc_col-md-6 vc_col-xs-12\"><div class=\"vc_column-inner\"><div class=\"wpb_wrapper\"><div class=\"vc_empty_space\"   style=\"height: 1em\" ><span class=\"vc_empty_space_inner\"><\/span><\/div>\n<figure class=\"sc_image  sc_image_shape_square\"><img src=\"https:\/\/bio-natural.mx\/wp-content\/uploads\/2019\/02\/Screenshot_20190206-210706.jpg\" alt=\"\" \/><\/figure><\/div><\/div><\/div><\/div>","protected":false},"excerpt":{"rendered":"\u00bfQui\u00e9res ser proveedor de... Si eres productor de un producto org\u00e1nico, agro-ecol\u00f3gico, gluten free o saludable y quieres tener presencia en los puntos de venta m\u00e1s reconocidos por vegetarianos, veganos y personas saludables de Playa del Carmen, \u00a1est\u00e1s en el lugar indicado! Para solicitar ser uno de nuestros proveedores, es sencillo, \u00fanicamente contesta el siguiente [...]","protected":false},"author":39,"featured_media":0,"parent":0,"menu_order":0,"comment_status":"closed","ping_status":"closed","template":"","meta":[],"_links":{"self":[{"href":"https:\/\/bio-natural.mx\/en\/wp-json\/wp\/v2\/pages\/11109"}],"collection":[{"href":"https:\/\/bio-natural.mx\/en\/wp-json\/wp\/v2\/pages"}],"about":[{"href":"https:\/\/bio-natural.mx\/en\/wp-json\/wp\/v2\/types\/page"}],"author":[{"embeddable":true,"href":"https:\/\/bio-natural.mx\/en\/wp-json\/wp\/v2\/users\/39"}],"replies":[{"embeddable":true,"href":"https:\/\/bio-natural.mx\/en\/wp-json\/wp\/v2\/comments?post=11109"}],"version-history":[{"count":3,"href":"https:\/\/bio-natural.mx\/en\/wp-json\/wp\/v2\/pages\/11109\/revisions"}],"predecessor-version":[{"id":99953,"href":"https:\/\/bio-natural.mx\/en\/wp-json\/wp\/v2\/pages\/11109\/revisions\/99953"}],"wp:attachment":[{"href":"https:\/\/bio-natural.mx\/en\/wp-json\/wp\/v2\/media?parent=11109"}],"curies":[{"name":"wp","href":"https:\/\/api.w.org\/{rel}","templated":true}]}}