
{"id":11149,"date":"2020-01-17T11:29:11","date_gmt":"2020-01-17T16:29:11","guid":{"rendered":"http:\/\/digitale1.sg-host.com\/?page_id=11149"},"modified":"2020-01-29T14:19:00","modified_gmt":"2020-01-29T19:19:00","slug":"franquicia","status":"publish","type":"page","link":"https:\/\/bio-natural.mx\/en\/franquicia\/","title":{"rendered":"Franchises"},"content":{"rendered":"<div data-vc-full-width=\"true\" data-vc-full-width-init=\"false\" class=\"vc_row wpb_row vc_row-fluid\"><div class=\"wpb_column vc_column_container vc_col-sm-6\"><div class=\"vc_column-inner\"><div class=\"wpb_wrapper\"><div class=\"vc_empty_space\"   style=\"height: 1.5em\" ><span class=\"vc_empty_space_inner\"><\/span><\/div>\n<h2 class=\"sc_title sc_title_regular\" style=\"text-transform: none; letter-spacing: 0;font-weight:700;\">Be part of the success of ...<\/h2><\/div><\/div><\/div><div class=\"wpb_column vc_column_container vc_col-sm-6\"><div class=\"vc_column-inner\"><div class=\"wpb_wrapper\"><div class=\"vc_empty_space\"   style=\"height: 1.5em\" ><span class=\"vc_empty_space_inner\"><\/span><\/div>\n<figure class=\"sc_image  sc_image_shape_square\" data-animation=\"animated flipInX normal\"><img src=\"https:\/\/bio-natural.mx\/wp-content\/uploads\/2019\/01\/BIO-Logotipo-RS-02-1.png\" alt=\"\" \/><\/figure><\/div><\/div><\/div><\/div><div class=\"vc_row-full-width vc_clearfix\"><\/div><div class=\"vc_row wpb_row vc_row-fluid\"><div class=\"wpb_column vc_column_container vc_col-sm-2\"><div class=\"vc_column-inner\"><div class=\"wpb_wrapper\"><\/div><\/div><\/div><div class=\"wpb_column vc_column_container vc_col-sm-8\"><div class=\"vc_column-inner\"><div class=\"wpb_wrapper\"><span class=\"sc_icon icon-leaf alignleft\" style=\"display:block;margin-right:0.4em;font-size:5em; line-height: 1em;color:#80b500;\"><\/span><h6 style=\"color: #4c4841;line-height: 1.75em;text-align: left\" class=\"vc_custom_heading\" >We appreciate your interest in our BIO-Natural franchise. Due to the importance of your investment project we ask you to read carefully and answer this questionnaire. The basic objective of this questionnaire is to gather the necessary information to get to know our future franchisees better.<\/h6>\n\t<div class=\"wpb_raw_code wpb_content_element wpb_raw_html\" >\n\t\t<div class=\"wpb_wrapper\">\n\t\t\t<div role=\"form\" class=\"wpcf7\" id=\"wpcf7-f11154-o1\" lang=\"es-ES\" dir=\"ltr\">\n<div class=\"screen-reader-response\"><p role=\"status\" aria-live=\"polite\" aria-atomic=\"true\"><\/p> <ul><\/ul><\/div>\n<form action=\"\/en\/wp-json\/wp\/v2\/pages\/11149#wpcf7-f11154-o1\" method=\"post\" class=\"wpcf7-form init\" novalidate=\"novalidate\" data-status=\"init\" data-trp-original-action=\"\/en\/wp-json\/wp\/v2\/pages\/11149#wpcf7-f11154-o1\">\n<div style=\"display: none;\">\n<input type=\"hidden\" name=\"_wpcf7\" value=\"11154\" \/>\n<input type=\"hidden\" name=\"_wpcf7_version\" value=\"5.5.1\" \/>\n<input type=\"hidden\" name=\"_wpcf7_locale\" value=\"es_ES\" \/>\n<input type=\"hidden\" name=\"_wpcf7_unit_tag\" value=\"wpcf7-f11154-o1\" \/>\n<input type=\"hidden\" name=\"_wpcf7_container_post\" value=\"0\" \/>\n<input type=\"hidden\" name=\"_wpcf7_posted_data_hash\" value=\"\" \/>\n<input type=\"hidden\" name=\"_wpcf7cf_hidden_group_fields\" value=\"[]\" \/>\n<input type=\"hidden\" name=\"_wpcf7cf_hidden_groups\" value=\"[]\" \/>\n<input type=\"hidden\" name=\"_wpcf7cf_visible_groups\" value=\"[]\" \/>\n<input type=\"hidden\" name=\"_wpcf7cf_repeaters\" value=\"[]\" \/>\n<input type=\"hidden\" name=\"_wpcf7cf_steps\" value=\"{}\" \/>\n<input type=\"hidden\" name=\"_wpcf7cf_options\" value=\"{&quot;form_id&quot;:11154,&quot;conditions&quot;:[],&quot;settings&quot;:{&quot;animation&quot;:&quot;yes&quot;,&quot;animation_intime&quot;:200,&quot;animation_outtime&quot;:200,&quot;conditions_ui&quot;:&quot;normal&quot;,&quot;notice_dismissed&quot;:false}}\" \/>\n<\/div>\n<p><h6> Contact information<\/h6><\/p>\n<hr>\n<h4> Name<br \/>\n    <span class=\"wpcf7-form-control-wrap nombre\"><input type=\"text\" name=\"nombre\" value=\"\" size=\"40\" class=\"wpcf7-form-control wpcf7-text wpcf7-validates-as-required\" aria-required=\"true\" aria-invalid=\"false\" \/><\/span> <\/h4><\/p>\n<p><h4> Email<br \/>\n    <span class=\"wpcf7-form-control-wrap emailfran\"><input type=\"email\" name=\"emailfran\" value=\"\" size=\"40\" class=\"wpcf7-form-control wpcf7-text wpcf7-email wpcf7-validates-as-required wpcf7-validates-as-email\" aria-required=\"true\" aria-invalid=\"false\" \/><\/span><br \/>\nConfirm e-mail*<br \/>\n    <span class=\"wpcf7-form-control-wrap emailfranvalid\"><input type=\"email\" name=\"emailfranvalid\" value=\"\" size=\"40\" class=\"wpcf7-form-control wpcf7-text wpcf7-email wpcf7-validates-as-required wpcf7-validates-as-email\" aria-required=\"true\" aria-invalid=\"false\" \/><\/span> <\/h4><\/p>\n<p><h4> Phone*<br \/>\n    <span class=\"wpcf7-form-control-wrap telefonofran\"><input type=\"text\" name=\"telefonofran\" value=\"\" size=\"40\" class=\"wpcf7-form-control wpcf7-text wpcf7-validates-as-required\" aria-required=\"true\" aria-invalid=\"false\" \/><\/span><br \/>\n Confirm phone *<br \/>\n    <span class=\"wpcf7-form-control-wrap telefonofranvalid\"><input type=\"text\" name=\"telefonofranvalid\" value=\"\" size=\"40\" class=\"wpcf7-form-control wpcf7-text wpcf7-validates-as-required\" aria-required=\"true\" aria-invalid=\"false\" \/><\/span><br \/>\n<\/h4><\/p>\n<p><h6> Personal and study data<\/h6><\/p>\n<hr>\n<p><h4> Age*<br \/>\n    <span class=\"wpcf7-form-control-wrap edad\"><input type=\"number\" name=\"edad\" value=\"\" class=\"wpcf7-form-control wpcf7-number wpcf7-validates-as-required wpcf7-validates-as-number\" min=\"16\" max=\"99\" aria-required=\"true\" aria-invalid=\"false\" \/><\/span> <\/h4><\/p>\n<p><h4> Date of birth*<br \/>\n    <span class=\"wpcf7-form-control-wrap nacimiento\"><input type=\"date\" name=\"nacimiento\" value=\"\" class=\"wpcf7-form-control wpcf7-date wpcf7-validates-as-required wpcf7-validates-as-date\" min=\"1930-01-01\" max=\"2003-01-01\" aria-required=\"true\" aria-invalid=\"false\" \/><\/span> <\/h4><\/p>\n<p><h4> Level of studies *<br \/>\n    <span class=\"wpcf7-form-control-wrap estudios\"><select name=\"estudios\" class=\"wpcf7-form-control wpcf7-select wpcf7-validates-as-required\" aria-required=\"true\" aria-invalid=\"false\"><option value=\"\">---<\/option><option value=\"Educaci\u00f3n primaria\">Primary education<\/option><option value=\"Educaci\u00f3n preparatoria\">Preparatory education<\/option><option value=\"Licenciatura trunca\">Bachelor&#039;s degree truncated<\/option><option value=\"Licenciatura completada\">Bachelor Completed<\/option><option value=\"Maestr\u00eda o post-grado\">Master or postgraduate<\/option><\/select><\/span> <\/h4><\/p>\n<p><h4> Institution \/ University of last degree *<br \/>\n    <span class=\"wpcf7-form-control-wrap institucion\"><input type=\"text\" name=\"institucion\" value=\"\" size=\"40\" class=\"wpcf7-form-control wpcf7-text wpcf7-validates-as-required\" aria-required=\"true\" aria-invalid=\"false\" \/><\/span> <\/h4><\/p>\n<p><h4> Other studies<br \/>\n    <span class=\"wpcf7-form-control-wrap otrosestudios\"><input type=\"text\" name=\"otrosestudios\" value=\"\" size=\"40\" class=\"wpcf7-form-control wpcf7-text wpcf7-validates-as-required\" aria-required=\"true\" aria-invalid=\"false\" \/><\/span> <\/h4><\/p>\n<p><h6> Experience<\/h6><\/p>\n<hr>\n<p><h4> Do you have any type of business experience related to food and drinks? Explain. *<br \/>\n    <span class=\"wpcf7-form-control-wrap experiencia\"><textarea name=\"experiencia\" cols=\"40\" rows=\"10\" class=\"wpcf7-form-control wpcf7-textarea wpcf7-validates-as-required\" aria-required=\"true\" aria-invalid=\"false\"><\/textarea><\/span> <\/h4><\/p>\n<p><h4> Are you or have you owned a franchise business? Which one?*<br \/>\n    <span class=\"wpcf7-form-control-wrap franquicia\"><input type=\"text\" name=\"franquicia\" value=\"\" size=\"40\" class=\"wpcf7-form-control wpcf7-text wpcf7-validates-as-required\" aria-required=\"true\" aria-invalid=\"false\" \/><\/span> <\/h4><\/p>\n<p><h4> Have you had any experience in your own business? Explain<br \/>\n    <span class=\"wpcf7-form-control-wrap experiencianegocios\"><textarea name=\"experiencianegocios\" cols=\"40\" rows=\"10\" class=\"wpcf7-form-control wpcf7-textarea\" aria-invalid=\"false\"><\/textarea><\/span> <\/h4><\/p>\n<p><h6> Current and \/ or previous occupation<\/h6><\/p>\n<hr>\n<p><h4> Company or Business: *<br \/>\n    <span class=\"wpcf7-form-control-wrap empresa\"><input type=\"text\" name=\"empresa\" value=\"\" size=\"40\" class=\"wpcf7-form-control wpcf7-text wpcf7-validates-as-required\" aria-required=\"true\" aria-invalid=\"false\" \/><\/span> <\/h4><\/p>\n<p><h4> Sector or line of business: *<br \/>\n    <span class=\"wpcf7-form-control-wrap sector\"><input type=\"text\" name=\"sector\" value=\"\" size=\"40\" class=\"wpcf7-form-control wpcf7-text wpcf7-validates-as-required\" aria-required=\"true\" aria-invalid=\"false\" \/><\/span> <\/h4><\/p>\n<p><h4> Relationship or position: *<br \/>\n    <span class=\"wpcf7-form-control-wrap puesto\"><input type=\"text\" name=\"puesto\" value=\"\" size=\"40\" class=\"wpcf7-form-control wpcf7-text wpcf7-validates-as-required\" aria-required=\"true\" aria-invalid=\"false\" \/><\/span> <\/h4><\/p>\n<p><h4> Average monthly income Include currency *<br \/>\n    <span class=\"wpcf7-form-control-wrap ingreso\"><input type=\"text\" name=\"ingreso\" value=\"\" size=\"40\" class=\"wpcf7-form-control wpcf7-text wpcf7-validates-as-required\" aria-required=\"true\" aria-invalid=\"false\" \/><\/span> <\/h4><\/p>\n<p><h6> Franchise Operation<\/h6><\/p>\n<hr>\n<p><h4> Under what fiscal regime will the unit operate? *<br \/>\n    <span class=\"wpcf7-form-control-wrap regimen\"><select name=\"regimen\" class=\"wpcf7-form-control wpcf7-select wpcf7-validates-as-required\" aria-required=\"true\" aria-invalid=\"false\"><option value=\"\">---<\/option><option value=\"Persona F\u00edsica\">Physical person<\/option><option value=\"Persona Moral\">Moral person<\/option><\/select><\/span> <\/h4><\/p>\n<p><h4> In your case, how many partners would participate? *<br \/>\n    <span class=\"wpcf7-form-control-wrap socios\"><input type=\"number\" name=\"socios\" value=\"\" class=\"wpcf7-form-control wpcf7-number wpcf7-validates-as-required wpcf7-validates-as-number\" aria-required=\"true\" aria-invalid=\"false\" \/><\/span> <\/h4><\/p>\n<p><h4> What percentage of shares would you have? *<br \/>\n    <span class=\"wpcf7-form-control-wrap porcentaje\"><input type=\"number\" name=\"porcentaje\" value=\"\" class=\"wpcf7-form-control wpcf7-number wpcf7-validates-as-required wpcf7-validates-as-number\" min=\"1\" max=\"100\" aria-required=\"true\" aria-invalid=\"false\" \/><\/span> <\/h4><\/p>\n<p><h4> Who would operate the franchise? (You, a Manager, any of your partners ... explain) *<br \/>\n    <span class=\"wpcf7-form-control-wrap operador\"><input type=\"text\" name=\"operador\" value=\"\" size=\"40\" class=\"wpcf7-form-control wpcf7-text wpcf7-validates-as-required\" aria-required=\"true\" aria-invalid=\"false\" \/><\/span> <\/h4><\/p>\n<p><h4> How did you hear about our franchise system? *<br \/>\n    <span class=\"wpcf7-form-control-wrap medio\"><input type=\"text\" name=\"medio\" value=\"\" size=\"40\" class=\"wpcf7-form-control wpcf7-text wpcf7-validates-as-required\" aria-required=\"true\" aria-invalid=\"false\" \/><\/span> <\/h4><\/p>\n<p><h4> What do you think of our franchise as a business concept? *<br \/>\n    <span class=\"wpcf7-form-control-wrap opinion\"><input type=\"text\" name=\"opinion\" value=\"\" size=\"40\" class=\"wpcf7-form-control wpcf7-text wpcf7-validates-as-required\" aria-required=\"true\" aria-invalid=\"false\" \/><\/span> <\/h4><\/p>\n<p><h4> Express the reasons why you want to purchase a franchise from us: *<br \/>\n    <span class=\"wpcf7-form-control-wrap objetivos\"><textarea name=\"objetivos\" cols=\"40\" rows=\"10\" class=\"wpcf7-form-control wpcf7-textarea wpcf7-validates-as-required\" aria-required=\"true\" aria-invalid=\"false\"><\/textarea><\/span> <\/h4><\/p>\n<p><h6> Possible location of the franchise<\/h6><\/p>\n<hr>\n<p><h4> What is the city or cities of interest to locate your unit in franchise? *<br \/>\n    <span class=\"wpcf7-form-control-wrap ciudad\"><input type=\"text\" name=\"ciudad\" value=\"\" size=\"40\" class=\"wpcf7-form-control wpcf7-text wpcf7-validates-as-required\" aria-required=\"true\" aria-invalid=\"false\" \/><\/span> <\/h4><\/p>\n<p><h4> What is the type of premises for the franchise? *<br \/>\n  <span class=\"wpcf7-form-control-wrap local\"><select name=\"local\" class=\"wpcf7-form-control wpcf7-select wpcf7-validates-as-required\" aria-required=\"true\" aria-invalid=\"false\"><option value=\"\">---<\/option><option value=\"Local propio\">Own premises<\/option><option value=\"Local en arrendamiento\">Local for lease<\/option><option value=\"A\u00fan no cuento con local\">I don&#039;t have a local yet<\/option><\/select><\/span> <\/h4><\/p>\n<p><h4> If you have a local, enter the address:<br \/>\n    <span class=\"wpcf7-form-control-wrap direccion\"><textarea name=\"direccion\" cols=\"40\" rows=\"10\" class=\"wpcf7-form-control wpcf7-textarea wpcf7-validates-as-required\" aria-required=\"true\" aria-invalid=\"false\"><\/textarea><\/span> <\/h4><\/p>\n<p><h6> Financial situation<\/h6><\/p>\n<hr>\n<p><h4> If you have had business before, have any of them had to close due to lack of liquidity or financial health? If your answer is yes, explain:<br \/>\n    <span class=\"wpcf7-form-control-wrap negocioanterior\"><textarea name=\"negocioanterior\" cols=\"40\" rows=\"10\" class=\"wpcf7-form-control wpcf7-textarea\" aria-invalid=\"false\"><\/textarea><\/span> <\/h4><\/p>\n<p><h4> What is the available capital to invest in this franchise? Include currency *<br \/>\n    <span class=\"wpcf7-form-control-wrap capital\"><input type=\"text\" name=\"capital\" value=\"\" size=\"40\" class=\"wpcf7-form-control wpcf7-text\" aria-invalid=\"false\" \/><\/span> <\/h4><\/p>\n<p><h4> Does it authorize us to initiate investigations in the credit bureau with the purpose of knowing your credit history?<br \/>\n    <span class=\"wpcf7-form-control-wrap investigacion\"><span class=\"wpcf7-form-control wpcf7-radio\"><span class=\"wpcf7-list-item first\"><input type=\"radio\" name=\"investigacion\" value=\"SI\" checked=\"checked\" \/><span class=\"wpcf7-list-item-label\">YES<\/span><\/span><span class=\"wpcf7-list-item last\"><input type=\"radio\" name=\"investigacion\" value=\"NO\" \/><span class=\"wpcf7-list-item-label\">NO<\/span><\/span><\/span><\/span> <\/h4><\/p>\n<p><h4> If yes, provide your credit card numbers:<\/h4><\/p>\n<p><h4> CARD 1 (numbers only, no spaces)<br \/>\n<span class=\"wpcf7-form-control-wrap tarjeta1\"><input type=\"text\" name=\"tarjeta1\" value=\"\" size=\"40\" maxlength=\"16\" minlength=\"15\" class=\"wpcf7-form-control wpcf7-text\" aria-invalid=\"false\" \/><\/span><br \/>\n BANK OR INSTITUTION 1<br \/>\n<span class=\"wpcf7-form-control-wrap banco1\"><input type=\"text\" name=\"banco1\" value=\"\" size=\"40\" class=\"wpcf7-form-control wpcf7-text\" aria-invalid=\"false\" \/><\/span><\/h4><\/p>\n<p><h4> CARD 2 (numbers only, no spaces)<br \/>\n<span class=\"wpcf7-form-control-wrap tarjeta2\"><input type=\"text\" name=\"tarjeta2\" value=\"\" size=\"40\" maxlength=\"16\" minlength=\"15\" class=\"wpcf7-form-control wpcf7-text\" aria-invalid=\"false\" \/><\/span><br \/>\n BANK OR INSTITUTION 2<br \/>\n<span class=\"wpcf7-form-control-wrap banco2\"><input type=\"text\" name=\"banco2\" value=\"\" size=\"40\" class=\"wpcf7-form-control wpcf7-text\" aria-invalid=\"false\" \/><\/span><\/h4><\/p>\n<p><h4> CARD 3 (numbers only, no spaces)<br \/>\n<span class=\"wpcf7-form-control-wrap tarjeta3\"><input type=\"text\" name=\"tarjeta3\" value=\"\" size=\"40\" maxlength=\"16\" minlength=\"15\" class=\"wpcf7-form-control wpcf7-text\" aria-invalid=\"false\" \/><\/span><br \/>\n BANK OR INSTITUTION 3<br \/>\n<span class=\"wpcf7-form-control-wrap banco3\"><input type=\"text\" name=\"banco3\" value=\"\" size=\"40\" class=\"wpcf7-form-control wpcf7-text\" aria-invalid=\"false\" \/><\/span><\/h4><\/p>\n<p><h6> <span class=\"wpcf7-form-control-wrap aceptacion\"><span class=\"wpcf7-form-control wpcf7-checkbox wpcf7-validates-as-required\"><span class=\"wpcf7-list-item first last\"><input type=\"checkbox\" name=\"aceptacion[]\" value=\"Manifiesto que toda la informaci\u00f3n presentada en este cuestionario es correcta y verdadera. As\u00ed mismo manifiesto estar enterado de que cualquier error o falsedad en dicha informaci\u00f3n puede constituir motivo para la rescisi\u00f3n del futuro contrato de franquicia.\" \/><span class=\"wpcf7-list-item-label\">I declare that all the information presented in this questionnaire is correct and true. Likewise, I am aware that any error or falsity in said information may constitute grounds for termination of the future franchise agreement.<\/span><\/span><\/span><\/span><\/h6><\/p>\n<p><input type=\"submit\" value=\"SEND\" class=\"wpcf7-form-control has-spinner wpcf7-submit\" \/><\/p>\n<input type='hidden' class='wpcf7-pum' value='{\"closepopup\":false,\"closedelay\":0,\"openpopup\":false,\"openpopup_id\":0}' \/><div class=\"wpcf7-response-output\" aria-hidden=\"true\"><\/div><input type=\"hidden\" name=\"trp-form-language\" value=\"en\"\/><\/form><\/div>\n\t\t<\/div>\n\t<\/div>\n<\/div><\/div><\/div><div class=\"wpb_column vc_column_container vc_col-sm-2\"><div class=\"vc_column-inner\"><div class=\"wpb_wrapper\"><\/div><\/div><\/div><\/div>","protected":false},"excerpt":{"rendered":"Forma parte del \u00e9xito de... Agradecemos su inter\u00e9s en nuestra franquicia BIO-Natural. Debido a la importancia de su proyecto de inversi\u00f3n le solicitamos leer cuidadosamente y contestar el presente cuestionario. El objetivo b\u00e1sico del presente cuestionario es reunir la informaci\u00f3n necesaria para conocer mejor a nuestros futuros franquiciatarios. Datos de contacto Nombre completo* Correo electr\u00f3nico* [...]","protected":false},"author":39,"featured_media":0,"parent":0,"menu_order":0,"comment_status":"closed","ping_status":"closed","template":"","meta":[],"_links":{"self":[{"href":"https:\/\/bio-natural.mx\/en\/wp-json\/wp\/v2\/pages\/11149"}],"collection":[{"href":"https:\/\/bio-natural.mx\/en\/wp-json\/wp\/v2\/pages"}],"about":[{"href":"https:\/\/bio-natural.mx\/en\/wp-json\/wp\/v2\/types\/page"}],"author":[{"embeddable":true,"href":"https:\/\/bio-natural.mx\/en\/wp-json\/wp\/v2\/users\/39"}],"replies":[{"embeddable":true,"href":"https:\/\/bio-natural.mx\/en\/wp-json\/wp\/v2\/comments?post=11149"}],"version-history":[{"count":0,"href":"https:\/\/bio-natural.mx\/en\/wp-json\/wp\/v2\/pages\/11149\/revisions"}],"wp:attachment":[{"href":"https:\/\/bio-natural.mx\/en\/wp-json\/wp\/v2\/media?parent=11149"}],"curies":[{"name":"wp","href":"https:\/\/api.w.org\/{rel}","templated":true}]}}