
{"id":74353,"date":"2021-08-11T17:16:54","date_gmt":"2021-08-11T22:16:54","guid":{"rendered":"http:\/\/bio-natural.cluxter.link\/?page_id=74353"},"modified":"2021-09-04T09:11:34","modified_gmt":"2021-09-04T14:11:34","slug":"registro-tulum","status":"publish","type":"page","link":"https:\/\/bio-natural.mx\/en\/registro-tulum\/","title":{"rendered":"BIO Natural TULUM opening registration"},"content":{"rendered":"<div data-vc-full-width=\"true\" data-vc-full-width-init=\"false\" class=\"vc_row wpb_row vc_row-fluid vc_custom_1628722037328 vc_row-has-fill\"><div class=\"wpb_column vc_column_container vc_col-sm-2\"><div class=\"vc_column-inner\"><div class=\"wpb_wrapper\"><\/div><\/div><\/div><div class=\"wpb_column vc_column_container vc_col-sm-8\"><div class=\"vc_column-inner\"><div class=\"wpb_wrapper\"><figure class=\"sc_image  sc_image_shape_square\" data-animation=\"animated flipInX normal\"><img src=\"https:\/\/bio-natural.mx\/wp-content\/uploads\/2021\/09\/banner-opening-nuevo.jpeg\" alt=\"\" \/><\/figure><\/div><\/div><\/div><div class=\"wpb_column vc_column_container vc_col-sm-2\"><div class=\"vc_column-inner\"><div class=\"wpb_wrapper\"><\/div><\/div><\/div><\/div><div class=\"vc_row-full-width vc_clearfix\"><\/div><div class=\"vc_row wpb_row vc_row-fluid\"><div class=\"wpb_column vc_column_container vc_col-sm-2\"><div class=\"vc_column-inner\"><div class=\"wpb_wrapper\"><\/div><\/div><\/div><div class=\"wpb_column vc_column_container vc_col-sm-8 vc_col-has-fill\"><div class=\"vc_column-inner vc_custom_1628722422997\"><div class=\"wpb_wrapper\"><h2 class=\"sc_title sc_title_regular sc_align_center\" style=\"text-transform: none; letter-spacing: 0;text-align:center;font-weight:700;\">\n<p style=\"text-align: center;\">\u00a1Reg\u00edstrate para obtener tu entrada!<\/p>\n<\/h2><h3 class=\"sc_title sc_title_regular sc_align_center\" style=\"text-transform: none; letter-spacing: 0;text-align:center;color:#018703;font-weight:700;\">\n<p style=\"text-align: center;\"><strong>Jueves, 9 de Septiembre, 2021 las 6 pm<\/strong><\/p>\n<\/h3><h4 class=\"sc_title sc_title_regular sc_align_center\" style=\"text-transform: none; letter-spacing: 0;text-align:center;color:#018703;font-weight:700;\">\n<p style=\"text-align: center;\">Av.Coba, Playa Mayan Monkey, Tulum<br \/>\nC\u00f3digo de vestimenta: Lleva tu mejor sombrero<\/p>\n<\/h4><span class=\"sc_icon icon-leaf alignleft\" style=\"display:block;margin-right:0.4em;font-size:5em; line-height: 1em;color:#80b500;\"><\/span><h6 style=\"color: #4c4841;line-height: 1.75em;text-align: left\" class=\"vc_custom_heading\" >Ingresa tus datos en el siguiente formulario y recibe en tu correo electr\u00f3nico tu boleto de entrada a nuestro evento especial:<\/h6>\n\t<div class=\"wpb_raw_code wpb_content_element wpb_raw_html\" >\n\t\t<div class=\"wpb_wrapper\">\n\t\t\t<div role=\"form\" class=\"wpcf7\" id=\"wpcf7-f83591-o1\" lang=\"es-ES\" dir=\"ltr\">\n<div class=\"screen-reader-response\"><p role=\"status\" aria-live=\"polite\" aria-atomic=\"true\"><\/p> <ul><\/ul><\/div>\n<form action=\"\/en\/wp-json\/wp\/v2\/pages\/74353#wpcf7-f83591-o1\" method=\"post\" class=\"wpcf7-form init\" novalidate=\"novalidate\" data-status=\"init\">\n<div style=\"display: none;\">\n<input type=\"hidden\" name=\"_wpcf7\" value=\"83591\" \/>\n<input type=\"hidden\" name=\"_wpcf7_version\" value=\"5.5.1\" \/>\n<input type=\"hidden\" name=\"_wpcf7_locale\" value=\"es_ES\" \/>\n<input type=\"hidden\" name=\"_wpcf7_unit_tag\" value=\"wpcf7-f83591-o1\" \/>\n<input type=\"hidden\" name=\"_wpcf7_container_post\" value=\"0\" \/>\n<input type=\"hidden\" name=\"_wpcf7_posted_data_hash\" value=\"\" \/>\n<input type=\"hidden\" name=\"_wpcf7cf_hidden_group_fields\" value=\"[]\" \/>\n<input type=\"hidden\" name=\"_wpcf7cf_hidden_groups\" value=\"[]\" \/>\n<input type=\"hidden\" name=\"_wpcf7cf_visible_groups\" value=\"[]\" \/>\n<input type=\"hidden\" name=\"_wpcf7cf_repeaters\" value=\"[]\" \/>\n<input type=\"hidden\" name=\"_wpcf7cf_steps\" value=\"{}\" \/>\n<input type=\"hidden\" name=\"_wpcf7cf_options\" value=\"{&quot;form_id&quot;:83591,&quot;conditions&quot;:[{&quot;then_field&quot;:&quot;invitado-uno&quot;,&quot;and_rules&quot;:[{&quot;if_field&quot;:&quot;invitados&quot;,&quot;operator&quot;:&quot;equals&quot;,&quot;if_value&quot;:&quot;2 PAX&quot;}]},{&quot;then_field&quot;:&quot;invitados-varios&quot;,&quot;and_rules&quot;:[{&quot;if_field&quot;:&quot;invitados&quot;,&quot;operator&quot;:&quot;equals&quot;,&quot;if_value&quot;:&quot;3 PAX&quot;}]}],&quot;settings&quot;:{&quot;animation&quot;:&quot;yes&quot;,&quot;animation_intime&quot;:200,&quot;animation_outtime&quot;:200,&quot;conditions_ui&quot;:&quot;normal&quot;,&quot;notice_dismissed&quot;:false}}\" \/>\n<\/div>\n<hr>\n<H4> Nombre completo<br \/>\n    <span class=\"wpcf7-form-control-wrap nombre\"><input type=\"text\" name=\"nombre\" value=\"\" size=\"40\" class=\"wpcf7-form-control wpcf7-text wpcf7-validates-as-required\" aria-required=\"true\" aria-invalid=\"false\" \/><\/span> <\/H4><\/p>\n<p><H4> Correo electr\u00f3nico<br \/>\n    <span class=\"wpcf7-form-control-wrap email\"><input type=\"email\" name=\"email\" value=\"\" size=\"40\" class=\"wpcf7-form-control wpcf7-text wpcf7-email wpcf7-validates-as-required wpcf7-validates-as-email\" aria-required=\"true\" aria-invalid=\"false\" \/><\/span> <\/H4><\/p>\n<p><H4>  Instagram o facebook<br \/>\n    <span class=\"wpcf7-form-control-wrap red-social\"><input type=\"text\" name=\"red-social\" value=\"\" size=\"40\" class=\"wpcf7-form-control wpcf7-text wpcf7-validates-as-required\" aria-required=\"true\" aria-invalid=\"false\" \/><\/span> <\/H4><\/p>\n<p><H4>  Lugar de residencia<br \/>\n    <span class=\"wpcf7-form-control-wrap residencia\"><input type=\"text\" name=\"residencia\" value=\"\" size=\"40\" class=\"wpcf7-form-control wpcf7-text wpcf7-validates-as-required\" aria-required=\"true\" aria-invalid=\"false\" \/><\/span> <\/H4><\/p>\n<p><H4> Dieta<br \/>\n    <span class=\"wpcf7-form-control-wrap dieta\"><select name=\"dieta\" class=\"wpcf7-form-control wpcf7-select wpcf7-validates-as-required\" aria-required=\"true\" aria-invalid=\"false\"><option value=\"SELECCIONA\">SELECCIONA<\/option><option value=\"Vegana\">Vegana<\/option><option value=\"Vegetariana\">Vegetariana<\/option><option value=\"Saludable\">Saludable<\/option><option value=\"Ninguna\">Ninguna<\/option><\/select><\/span> <\/H4><\/p>\n<p><H4> Numero de personas<br \/>\n   <span class=\"wpcf7-form-control-wrap invitados\"><select name=\"invitados\" class=\"wpcf7-form-control wpcf7-select wpcf7-validates-as-required\" aria-required=\"true\" aria-invalid=\"false\"><option value=\"1 PAX\">1 PAX<\/option><option value=\"2 PAX\">2 PAX<\/option><option value=\"3 PAX\">3 PAX<\/option><\/select><\/span> <\/H4><\/p>\n<div data-id=\"invitado-uno\" data-orig_data_id=\"invitado-uno\"  data-class=\"wpcf7cf_group\">\n<p><H4> Datos invitado: <\/H4><\/p>\n<p><H4> Nombre completo<br \/>\n    <span class=\"wpcf7-form-control-wrap nombre-invitado\"><input type=\"text\" name=\"nombre-invitado\" value=\"\" size=\"40\" class=\"wpcf7-form-control wpcf7-text wpcf7-validates-as-required\" aria-required=\"true\" aria-invalid=\"false\" \/><\/span> <\/H4><\/p>\n<p><H4> Correo electr\u00f3nico<br \/>\n    <span class=\"wpcf7-form-control-wrap email-invitado\"><input type=\"email\" name=\"email-invitado\" value=\"\" size=\"40\" class=\"wpcf7-form-control wpcf7-text wpcf7-email wpcf7-validates-as-required wpcf7-validates-as-email\" aria-required=\"true\" aria-invalid=\"false\" \/><\/span> <\/H4><\/p>\n<\/div>\n<div data-id=\"invitados-varios\" data-orig_data_id=\"invitados-varios\"  data-class=\"wpcf7cf_group\">\n<H4> Datos de los invitados: <\/H4><\/p>\n<p><H4> Nombre completo invitado uno<br \/>\n    <span class=\"wpcf7-form-control-wrap nombre-invitado-uno\"><input type=\"text\" name=\"nombre-invitado-uno\" value=\"\" size=\"40\" class=\"wpcf7-form-control wpcf7-text wpcf7-validates-as-required\" aria-required=\"true\" aria-invalid=\"false\" \/><\/span> <\/H4><\/p>\n<p><H4> Correo electr\u00f3nico invitado uno<br \/>\n    <span class=\"wpcf7-form-control-wrap email-invitado-uno\"><input type=\"email\" name=\"email-invitado-uno\" value=\"\" size=\"40\" class=\"wpcf7-form-control wpcf7-text wpcf7-email wpcf7-validates-as-required wpcf7-validates-as-email\" aria-required=\"true\" aria-invalid=\"false\" \/><\/span> <\/H4><\/p>\n<p><H4> Nombre completo invitado dos<br \/>\n    <span class=\"wpcf7-form-control-wrap nombre-invitado-dos\"><input type=\"text\" name=\"nombre-invitado-dos\" value=\"\" size=\"40\" class=\"wpcf7-form-control wpcf7-text wpcf7-validates-as-required\" aria-required=\"true\" aria-invalid=\"false\" \/><\/span> <\/H4><\/p>\n<p><H4> Correo electr\u00f3nico invitado dos<br \/>\n    <span class=\"wpcf7-form-control-wrap email-invitado-dos\"><input type=\"email\" name=\"email-invitado-dos\" value=\"\" size=\"40\" class=\"wpcf7-form-control wpcf7-text wpcf7-email wpcf7-validates-as-required wpcf7-validates-as-email\" aria-required=\"true\" aria-invalid=\"false\" \/><\/span> <\/H4><\/p>\n<\/div>\n<input type=\"hidden\" name=\"cupo\" value=\"SIN CUPO\" class=\"wpcf7-form-control wpcf7-hidden\" \/>\n<p><input type=\"submit\" value=\"REGISTRAR AHORA\" class=\"wpcf7-form-control has-spinner wpcf7-submit\" \/><\/p>\n<input type='hidden' class='wpcf7-pum' value='{\"closepopup\":false,\"closedelay\":0,\"openpopup\":false,\"openpopup_id\":0}' \/><div class=\"wpcf7-response-output\" aria-hidden=\"true\"><\/div><\/form><\/div>\n\t\t<\/div>\n\t<\/div>\n<figure class=\"sc_image  sc_image_shape_square\" data-animation=\"animated flipInX normal\"><img src=\"https:\/\/bio-natural.mx\/wp-content\/uploads\/2019\/01\/BIO-Logotipo-RS-02-1.png\" alt=\"\" \/><\/figure><\/div><\/div><\/div><div class=\"wpb_column vc_column_container vc_col-sm-2\"><div class=\"vc_column-inner\"><div class=\"wpb_wrapper\"><\/div><\/div><\/div><\/div>\n","protected":false},"excerpt":{"rendered":"\u00a1Reg\u00edstrate para obtener tu entrada! Jueves, 9 de Septiembre, 2021 las 6 pm Av.Coba, Playa Mayan Monkey, Tulum C\u00f3digo de vestimenta: Lleva tu mejor sombrero Ingresa tus datos en el siguiente formulario y recibe en tu correo electr\u00f3nico tu boleto de entrada a nuestro evento especial: Nombre completo Correo electr\u00f3nico Instagram o facebook Lugar de [...]","protected":false},"author":39,"featured_media":0,"parent":0,"menu_order":0,"comment_status":"closed","ping_status":"closed","template":"","meta":[],"_links":{"self":[{"href":"https:\/\/bio-natural.mx\/en\/wp-json\/wp\/v2\/pages\/74353"}],"collection":[{"href":"https:\/\/bio-natural.mx\/en\/wp-json\/wp\/v2\/pages"}],"about":[{"href":"https:\/\/bio-natural.mx\/en\/wp-json\/wp\/v2\/types\/page"}],"author":[{"embeddable":true,"href":"https:\/\/bio-natural.mx\/en\/wp-json\/wp\/v2\/users\/39"}],"replies":[{"embeddable":true,"href":"https:\/\/bio-natural.mx\/en\/wp-json\/wp\/v2\/comments?post=74353"}],"version-history":[{"count":0,"href":"https:\/\/bio-natural.mx\/en\/wp-json\/wp\/v2\/pages\/74353\/revisions"}],"wp:attachment":[{"href":"https:\/\/bio-natural.mx\/en\/wp-json\/wp\/v2\/media?parent=74353"}],"curies":[{"name":"wp","href":"https:\/\/api.w.org\/{rel}","templated":true}]}}