
{"id":83365,"date":"2021-09-01T17:21:21","date_gmt":"2021-09-01T22:21:21","guid":{"rendered":"http:\/\/bio-natural.cluxter.link\/?page_id=83365"},"modified":"2021-09-04T09:53:24","modified_gmt":"2021-09-04T14:53:24","slug":"confirmacion-registro","status":"publish","type":"page","link":"https:\/\/bio-natural.mx\/en\/confirmacion-registro\/","title":{"rendered":"BIO Natural TULUM registration confirmation"},"content":{"rendered":"<div data-vc-full-width=\"true\" data-vc-full-width-init=\"false\" class=\"vc_row wpb_row vc_row-fluid vc_custom_1628722037328 vc_row-has-fill\"><div class=\"wpb_column vc_column_container vc_col-sm-2\"><div class=\"vc_column-inner\"><div class=\"wpb_wrapper\"><\/div><\/div><\/div><div class=\"wpb_column vc_column_container vc_col-sm-8\"><div class=\"vc_column-inner\"><div class=\"wpb_wrapper\"><figure class=\"sc_image  sc_image_shape_square\" data-animation=\"animated flipInX normal\"><img src=\"https:\/\/bio-natural.mx\/wp-content\/uploads\/2021\/09\/banner-opening-nuevo.jpeg\" alt=\"\" \/><\/figure><\/div><\/div><\/div><div class=\"wpb_column vc_column_container vc_col-sm-2\"><div class=\"vc_column-inner\"><div class=\"wpb_wrapper\"><\/div><\/div><\/div><\/div><div class=\"vc_row-full-width vc_clearfix\"><\/div><div class=\"vc_row wpb_row vc_row-fluid\"><div class=\"wpb_column vc_column_container vc_col-sm-2\"><div class=\"vc_column-inner\"><div class=\"wpb_wrapper\"><\/div><\/div><\/div><div class=\"wpb_column vc_column_container vc_col-sm-8 vc_col-has-fill\"><div class=\"vc_column-inner vc_custom_1630537526535\"><div class=\"wpb_wrapper\"><h2 class=\"sc_title sc_title_regular sc_align_center\" style=\"text-transform: none; letter-spacing: 0;text-align:center;font-weight:700;\">\n<p style=\"text-align: center;\">You have until <span style=\"color: #ff0000;\">September 3<\/span> to confirm or decline your participation<\/p>\n<\/h2><h4 class=\"sc_title sc_title_regular sc_align_center\" style=\"text-transform: none; letter-spacing: 0;text-align:center;color:#018703;font-weight:700;\">\n<p style=\"text-align: center;\">New date: Thursday, <strong>September 9<\/strong>, 2021 6 pm<\/p>\n<\/h4><span class=\"sc_icon icon-leaf alignleft\" style=\"display:block;margin-right:0.4em;font-size:5em; line-height: 1em;color:#80b500;\"><\/span><h6 style=\"color: #4c4841;line-height: 1.75em;text-align: left\" class=\"vc_custom_heading\" >It is <b>very important<\/b> your notification to keep your place or decline the invitation to be able to offer the space to other interested people. Thank you!<\/h6>\n\t<div class=\"wpb_raw_code wpb_content_element wpb_raw_html\" >\n\t\t<div class=\"wpb_wrapper\">\n\t\t\t<h2>CLOSED CONFIRMATIONS<\/h2>\n\t\t<\/div>\n\t<\/div>\n<figure class=\"sc_image  sc_image_shape_square\" data-animation=\"animated flipInX normal\"><img src=\"https:\/\/bio-natural.mx\/wp-content\/uploads\/2019\/01\/BIO-Logotipo-RS-02-1.png\" alt=\"\" \/><\/figure><\/div><\/div><\/div><div class=\"wpb_column vc_column_container vc_col-sm-2\"><div class=\"vc_column-inner\"><div class=\"wpb_wrapper\"><\/div><\/div><\/div><\/div>","protected":false},"excerpt":{"rendered":"Tienes hasta el 3 de septiembre para confirmar o declinar tu participaci\u00f3n Nueva fecha: Jueves, 9 de Septiembre, 2021 las 6 pm Es muy importante tu notificaci\u00f3n para conservar tu lugar o declinar la invitaci\u00f3n para poder brindar el espacio a otras personas interesadas. \u00a1Muchas gracias! CONFIRMACIONES CERRADAS","protected":false},"author":39,"featured_media":0,"parent":0,"menu_order":0,"comment_status":"closed","ping_status":"closed","template":"","meta":[],"_links":{"self":[{"href":"https:\/\/bio-natural.mx\/en\/wp-json\/wp\/v2\/pages\/83365"}],"collection":[{"href":"https:\/\/bio-natural.mx\/en\/wp-json\/wp\/v2\/pages"}],"about":[{"href":"https:\/\/bio-natural.mx\/en\/wp-json\/wp\/v2\/types\/page"}],"author":[{"embeddable":true,"href":"https:\/\/bio-natural.mx\/en\/wp-json\/wp\/v2\/users\/39"}],"replies":[{"embeddable":true,"href":"https:\/\/bio-natural.mx\/en\/wp-json\/wp\/v2\/comments?post=83365"}],"version-history":[{"count":0,"href":"https:\/\/bio-natural.mx\/en\/wp-json\/wp\/v2\/pages\/83365\/revisions"}],"wp:attachment":[{"href":"https:\/\/bio-natural.mx\/en\/wp-json\/wp\/v2\/media?parent=83365"}],"curies":[{"name":"wp","href":"https:\/\/api.w.org\/{rel}","templated":true}]}}