
{"id":83727,"date":"2021-09-07T10:08:40","date_gmt":"2021-09-07T15:08:40","guid":{"rendered":"http:\/\/bio-natural.cluxter.link\/?page_id=83727"},"modified":"2021-09-07T10:11:58","modified_gmt":"2021-09-07T15:11:58","slug":"mensaje-registro-inauguracion-bio-natural-tulum","status":"publish","type":"page","link":"https:\/\/bio-natural.mx\/en\/registro-tulum\/mensaje-registro-inauguracion-bio-natural-tulum\/","title":{"rendered":"BIO Natural TULUM inauguration registration message"},"content":{"rendered":"<div data-vc-full-width=\"true\" data-vc-full-width-init=\"false\" class=\"vc_row wpb_row vc_row-fluid vc_custom_1628722037328 vc_row-has-fill\"><div class=\"wpb_column vc_column_container vc_col-sm-2\"><div class=\"vc_column-inner\"><div class=\"wpb_wrapper\"><\/div><\/div><\/div><div class=\"wpb_column vc_column_container vc_col-sm-8\"><div class=\"vc_column-inner\"><div class=\"wpb_wrapper\"><figure class=\"sc_image  sc_image_shape_square\" data-animation=\"animated flipInX normal\"><img src=\"https:\/\/bio-natural.mx\/wp-content\/uploads\/2021\/09\/banner-opening-nuevo.jpeg\" alt=\"\" \/><\/figure><\/div><\/div><\/div><div class=\"wpb_column vc_column_container vc_col-sm-2\"><div class=\"vc_column-inner\"><div class=\"wpb_wrapper\"><\/div><\/div><\/div><\/div><div class=\"vc_row-full-width vc_clearfix\"><\/div><div class=\"vc_row wpb_row vc_row-fluid\"><div class=\"wpb_column vc_column_container vc_col-sm-2\"><div class=\"vc_column-inner\"><div class=\"wpb_wrapper\"><\/div><\/div><\/div><div class=\"wpb_column vc_column_container vc_col-sm-8 vc_col-has-fill\"><div class=\"vc_column-inner vc_custom_1628722422997\"><div class=\"wpb_wrapper\"><h2 class=\"sc_title sc_title_regular sc_align_center\" style=\"text-transform: none; letter-spacing: 0;text-align:center;font-weight:700;\">\n<p style=\"text-align: center;\">We have received your registration!<\/p>\n<\/h2><h3 class=\"sc_title sc_title_regular sc_align_center\" style=\"text-transform: none; letter-spacing: 0;text-align:center;color:#018703;font-weight:700;\">\n<p style=\"text-align: center;\">You will receive at this time the confirmation of your entry to your email. Please check your inbox or check your spam or junk folder in case you haven&#039;t received it. We are waiting for you on the day of the event!<\/p>\n<\/h3><\/div><\/div><\/div><div class=\"wpb_column vc_column_container vc_col-sm-2\"><div class=\"vc_column-inner\"><div class=\"wpb_wrapper\"><\/div><\/div><\/div><\/div>","protected":false},"excerpt":{"rendered":"\u00a1Hemos recibido tu registro! Recibir\u00e1s en este momento la confirmaci\u00f3n de tu entrada a tu correo electr\u00f3nico. Por favor revisa en tu bandeja de entrada o verifica en la carpeta de spam o no deseado en caso de que no lo hayas recibido. \u00a1Te esperamos el d\u00eda del evento!","protected":false},"author":39,"featured_media":0,"parent":74353,"menu_order":0,"comment_status":"closed","ping_status":"closed","template":"","meta":[],"_links":{"self":[{"href":"https:\/\/bio-natural.mx\/en\/wp-json\/wp\/v2\/pages\/83727"}],"collection":[{"href":"https:\/\/bio-natural.mx\/en\/wp-json\/wp\/v2\/pages"}],"about":[{"href":"https:\/\/bio-natural.mx\/en\/wp-json\/wp\/v2\/types\/page"}],"author":[{"embeddable":true,"href":"https:\/\/bio-natural.mx\/en\/wp-json\/wp\/v2\/users\/39"}],"replies":[{"embeddable":true,"href":"https:\/\/bio-natural.mx\/en\/wp-json\/wp\/v2\/comments?post=83727"}],"version-history":[{"count":0,"href":"https:\/\/bio-natural.mx\/en\/wp-json\/wp\/v2\/pages\/83727\/revisions"}],"up":[{"embeddable":true,"href":"https:\/\/bio-natural.mx\/en\/wp-json\/wp\/v2\/pages\/74353"}],"wp:attachment":[{"href":"https:\/\/bio-natural.mx\/en\/wp-json\/wp\/v2\/media?parent=83727"}],"curies":[{"name":"wp","href":"https:\/\/api.w.org\/{rel}","templated":true}]}}